{"id":56,"date":"2015-08-09T13:30:36","date_gmt":"2015-08-09T13:30:36","guid":{"rendered":"http:\/\/vu2447.admin.webhold.hu\/?page_id=56"},"modified":"2015-08-12T17:06:21","modified_gmt":"2015-08-12T17:06:21","slug":"felveteli-korzethatarok","status":"publish","type":"page","link":"\/?page_id=56","title":{"rendered":"Felv\u00e9teli k\u00f6rzethat\u00e1rok"},"content":{"rendered":"<p style=\"padding-left: 30px; text-align: center;\"><strong>A Mindszenti \u00c1ltal\u00e1nos Iskola Sz\u00e9khelye<\/strong><\/p>\n<p><strong>(6630 Mindszent, Szabads\u00e1g t\u00e9r 2-3.) felv\u00e9teli k\u00f6rzete:<\/strong><\/p>\n<p style=\"text-align: justify;\"><strong>\u00a0<\/strong>Ady E. utca, Ak\u00e1cfa utca, Andr\u00e1ssy utca, Arany J. utca, \u00c1chim A. utca, \u00c1rp\u00e1d utca, \u00c1rv\u00edz utca, Bajcsy-Zs. utca, Batthy\u00e1nyi utca, B\u00e1thory utca, Bem utca, Bene utca, Bercs\u00e9nyi utca, Bethlen G. utca, Bocskai utca, Budai N. A. utca, B\u00fazavir\u00e1g utca, Csokonai utca, Damjanich utca, De\u00e1k F. utca, Dob\u00f3 utca, Erzs\u00e9bet kir\u00e1lyn\u00e9 utca, Esze T. utca, G\u00f6rbe utca, H\u00e1rsfa utca, Hold zug, Horv\u00e1th Gy. utca, H\u00f3dosy utca, Hunyadi utca, J\u00f3zsef A. utca, K\u00e1polna utca, Kiss E. utca, Klapka utca, Kod\u00e1ly Z. utca,\u00a0 Kossuth L. utca, K\u00f6zt\u00e1rsas\u00e1g t\u00e9r, K\u0151r\u00f6si Cs. S. utca, Kun utca, Liliom zug, Malom zug, M\u00e1ty\u00e1s kir\u00e1ly utca, Mez\u0151 utca, M\u00f3ra F. utca, Munk\u00e1csy utca, Napkelet utca, Nyom\u00e1s sor, Oncsa sor, Pet\u0151fi utca, R\u00e1k\u00f3czi utca, R\u00f3zsa utca, Somogy utca, Szabads\u00e1g t\u00e9r, Szabads\u00e1g utca, Sz\u00e9chenyi utca, Sz\u0151l\u0151 utca, Szent Istv\u00e1n utca, Szent L\u00e1szl\u00f3 utca, Tanya p\u00e1ratlan 1\/A-t\u00f3l 13-ig, 113-135-ig, 457, 473-t\u00f3l 475-ig, Tanya p\u00e1ros 8-t\u00f3l 24\/A-ig, 122-126-ig, 390-t\u0151l 446-ig, 456-t\u00f3l 474\/A-ig, T\u00e1ncsics M. utca, Tisza utca, T\u00f3alj sor, Vadnai utca, Vajda utca, Vas\u00fat utca, V\u00f6r\u00f6smarty utca, Zr\u00ednyi utca.<\/p>\n<p>&nbsp;<\/p>\n<p style=\"text-align: center;\">\u00a0 <strong>A Mindszenti \u00c1ltal\u00e1nos Iskola Tagint\u00e9zm\u00e9nye<\/strong><\/p>\n<p><strong>(6630 Mindszent, Iskola u. 72-76.) felv\u00e9teli k\u00f6rzete:<\/strong><\/p>\n<p style=\"text-align: justify;\">Bart\u00f3k B. utca, Bereczki J. utca, Botos L. utca, D\u00e9li utca, D\u00f3zsa Gy. utca, Elege utca, \u00c9szak utca, Garami E. utca, Iskola utca, J\u00f3kai utca, Kinizsi P. utca, K\u00f6lcsey utca, Ludas utca, Miksz\u00e1th K. utca, M\u00f3ricz Zs. utca, Munk\u00e1s utca, Sz\u00e1nt\u00f3 K. J. utca, Tanya p\u00e1ratlan 67-t\u0151l 95-ig, 151-t\u0151l 239\/C-ig, 243-t\u00f3l 299-ig, Tanya p\u00e1ros 52-t\u0151l 100-ig, 140-t\u0151l 228-ig, 244-t\u0151l 342-ig, T\u00e9gl\u00e1s utca, Th\u00f6k\u00f6ly utca, \u00daj utca, Viharsarok utca.<\/p>\n","protected":false},"excerpt":{"rendered":"<p>A Mindszenti \u00c1ltal\u00e1nos Iskola Sz\u00e9khelye (6630 Mindszent, Szabads\u00e1g t\u00e9r 2-3.) felv\u00e9teli k\u00f6rzete: \u00a0Ady E. utca, Ak\u00e1cfa utca, Andr\u00e1ssy utca, Arany J. utca, \u00c1chim A. utca, \u00c1rp\u00e1d utca, \u00c1rv\u00edz utca, Bajcsy-Zs. utca, Batthy\u00e1nyi utca, B\u00e1thory utca, Bem utca, Bene utca, Bercs\u00e9nyi utca, Bethlen G. utca, Bocskai utca, Budai N. A. utca, [&hellip;]<\/p>\n","protected":false},"author":1,"featured_media":0,"parent":0,"menu_order":0,"comment_status":"closed","ping_status":"closed","template":"","meta":{"footnotes":""},"class_list":["post-56","page","type-page","status-publish","hentry"],"_links":{"self":[{"href":"\/index.php?rest_route=\/wp\/v2\/pages\/56","targetHints":{"allow":["GET"]}}],"collection":[{"href":"\/index.php?rest_route=\/wp\/v2\/pages"}],"about":[{"href":"\/index.php?rest_route=\/wp\/v2\/types\/page"}],"author":[{"embeddable":true,"href":"\/index.php?rest_route=\/wp\/v2\/users\/1"}],"replies":[{"embeddable":true,"href":"\/index.php?rest_route=%2Fwp%2Fv2%2Fcomments&post=56"}],"version-history":[{"count":3,"href":"\/index.php?rest_route=\/wp\/v2\/pages\/56\/revisions"}],"predecessor-version":[{"id":210,"href":"\/index.php?rest_route=\/wp\/v2\/pages\/56\/revisions\/210"}],"wp:attachment":[{"href":"\/index.php?rest_route=%2Fwp%2Fv2%2Fmedia&parent=56"}],"curies":[{"name":"wp","href":"https:\/\/api.w.org\/{rel}","templated":true}]}}