{"id":54,"date":"2015-08-09T13:30:14","date_gmt":"2015-08-09T13:30:14","guid":{"rendered":"http:\/\/vu2447.admin.webhold.hu\/?page_id=54"},"modified":"2024-03-07T07:41:03","modified_gmt":"2024-03-07T07:41:03","slug":"tanuloink","status":"publish","type":"page","link":"\/?page_id=54","title":{"rendered":"Tanul\u00f3ink"},"content":{"rendered":"<table width=\"483\">\n<tbody>\n<tr>\n<td colspan=\"3\" width=\"483\">2023-2024-es tan\u00e9v OSZT\u00c1LYOK &#8211; OSZT\u00c1LYF\u0150N\u00d6K\u00d6K sz\u00e9khely<\/td>\n<\/tr>\n<tr>\n<td>oszt\u00e1ly<\/td>\n<td>oszt\u00e1lyf\u0151n\u00f6k<\/td>\n<td>l\u00e9tsz\u00e1m<\/td>\n<\/tr>\n<tr>\n<td>1.a<\/td>\n<td>G\u00e9mesn\u00e9 Wittich Szilvia<\/td>\n<td>18<\/td>\n<\/tr>\n<tr>\n<td>1.b<\/td>\n<td>Koncsek B\u00e1lint<\/td>\n<td>19<\/td>\n<\/tr>\n<tr>\n<td>2.a<\/td>\n<td>Nagyill\u00e9s L\u00e1szl\u00f3n\u00e9<\/td>\n<td>16<\/td>\n<\/tr>\n<tr>\n<td>2.b<\/td>\n<td>Gy\u0151ri Andrea<\/td>\n<td>15<\/td>\n<\/tr>\n<tr>\n<td>3.a<\/td>\n<td>Mih\u00e1lyn\u00e9 Gyapjas N\u00f3ra<\/td>\n<td>17<\/td>\n<\/tr>\n<tr>\n<td>3.b<\/td>\n<td>V\u00edgh Zolt\u00e1nn\u00e9<\/td>\n<td>18<\/td>\n<\/tr>\n<tr>\n<td>4.a<\/td>\n<td>Kov\u00e1cs Ter\u00e9zia<\/td>\n<td>20<\/td>\n<\/tr>\n<tr>\n<td>4.b<\/td>\n<td>Kuh\u00e1r J\u00f3zsefn\u00e9<\/td>\n<td>22<\/td>\n<\/tr>\n<tr>\n<td>5.a<\/td>\n<td>Csern\u00e1k J\u00e1nos<\/td>\n<td>17<\/td>\n<\/tr>\n<tr>\n<td>6.a<\/td>\n<td>Baloghn\u00e9 Tenkei Csilla<\/td>\n<td>20<\/td>\n<\/tr>\n<tr>\n<td>6.b<\/td>\n<td>Antaln\u00e9 Kardos Csilla<\/td>\n<td>16<\/td>\n<\/tr>\n<tr>\n<td>7.a<\/td>\n<td>M\u00e1rkus Imre<\/td>\n<td>24<\/td>\n<\/tr>\n<tr>\n<td>8.a<\/td>\n<td>Lantosn\u00e9 P\u00e1link\u00f3 Erika<\/td>\n<td>21<\/td>\n<\/tr>\n<tr>\n<td>8.b<\/td>\n<td>Szunyin\u00e9 Marton Edit<\/td>\n<td>21<\/td>\n<\/tr>\n<\/tbody>\n<\/table>\n<\/p>\n\n\n<table width=\"443\">\n<tbody>\n<tr style=\"font-style: inherit; font-weight: inherit;\">\n<td style=\"font-style: inherit;\" colspan=\"3\" width=\"443\">2023-2024-es tan\u00e9v OSZT\u00c1LYOK \u2013 OSZT\u00c1LYF\u0150N\u00d6K\u00d6K D\u00f3zsa-Telepi Tagint\u00e9zm\u00e9ny<\/td>\n<\/tr>\n<tr>\n<td>oszt\u00e1ly<\/td>\n<td>oszt\u00e1lyf\u0151n\u00f6k<\/td>\n<td>l\u00e9tsz\u00e1m<\/td>\n<\/tr>\n<tr>\n<td>1.c<\/td>\n<td>Terb\u00e1n-Szecsk\u00f3 D\u00f3ra<\/td>\n<td>16<\/td>\n<\/tr>\n<tr>\n<td>2.c<\/td>\n<td>Sz\u0171cs T\u00fcnde<\/td>\n<td>18<\/td>\n<\/tr>\n<tr>\n<td>3.c<\/td>\n<td>Lupityka G\u00e1born\u00e9 Pelyva S\u00e1ra<\/td>\n<td>20<\/td>\n<\/tr>\n<tr>\n<td>4.c<\/td>\n<td>Csern\u00e1k Lajosn\u00e9<\/td>\n<td>16<\/td>\n<\/tr>\n<tr>\n<td>5.c<\/td>\n<td>Bodn\u00e1r Henriett<\/td>\n<td>18<\/td>\n<\/tr>\n<tr>\n<td>6.c<\/td>\n<td>T\u00f3thn\u00e9 Terb\u00e1n Ir\u00e9n<\/td>\n<td>14<\/td>\n<\/tr>\n<tr>\n<td>7.c<\/td>\n<td>Nagy Zita<\/td>\n<td>14<\/td>\n<\/tr>\n<\/tbody>\n<\/table>\n","protected":false},"excerpt":{"rendered":"<p>2023-2024-es tan\u00e9v OSZT\u00c1LYOK &#8211; OSZT\u00c1LYF\u0150N\u00d6K\u00d6K sz\u00e9khely oszt\u00e1ly oszt\u00e1lyf\u0151n\u00f6k l\u00e9tsz\u00e1m 1.a G\u00e9mesn\u00e9 Wittich Szilvia 18 1.b Koncsek B\u00e1lint 19 2.a Nagyill\u00e9s L\u00e1szl\u00f3n\u00e9 16 2.b Gy\u0151ri Andrea 15 3.a Mih\u00e1lyn\u00e9 Gyapjas N\u00f3ra 17 3.b V\u00edgh Zolt\u00e1nn\u00e9 18 4.a Kov\u00e1cs Ter\u00e9zia 20 4.b Kuh\u00e1r J\u00f3zsefn\u00e9 22 5.a Csern\u00e1k J\u00e1nos 17 6.a Baloghn\u00e9 Tenkei [&hellip;]<\/p>\n","protected":false},"author":1,"featured_media":0,"parent":0,"menu_order":0,"comment_status":"closed","ping_status":"closed","template":"","meta":{"footnotes":""},"class_list":["post-54","page","type-page","status-publish","hentry"],"_links":{"self":[{"href":"\/index.php?rest_route=\/wp\/v2\/pages\/54","targetHints":{"allow":["GET"]}}],"collection":[{"href":"\/index.php?rest_route=\/wp\/v2\/pages"}],"about":[{"href":"\/index.php?rest_route=\/wp\/v2\/types\/page"}],"author":[{"embeddable":true,"href":"\/index.php?rest_route=\/wp\/v2\/users\/1"}],"replies":[{"embeddable":true,"href":"\/index.php?rest_route=%2Fwp%2Fv2%2Fcomments&post=54"}],"version-history":[{"count":14,"href":"\/index.php?rest_route=\/wp\/v2\/pages\/54\/revisions"}],"predecessor-version":[{"id":4256,"href":"\/index.php?rest_route=\/wp\/v2\/pages\/54\/revisions\/4256"}],"wp:attachment":[{"href":"\/index.php?rest_route=%2Fwp%2Fv2%2Fmedia&parent=54"}],"curies":[{"name":"wp","href":"https:\/\/api.w.org\/{rel}","templated":true}]}}