{"id":4996,"date":"2024-11-15T08:24:05","date_gmt":"2024-11-15T08:24:05","guid":{"rendered":"https:\/\/mindszentiskola.hu\/?page_id=4996"},"modified":"2024-12-03T10:10:54","modified_gmt":"2024-12-03T10:10:54","slug":"helyi-tanterv","status":"publish","type":"page","link":"\/?page_id=4996","title":{"rendered":"Helyi tanterv"},"content":{"rendered":"\n\n\n\n\n<p>\u00a0<\/p>\n<p><a href=\"\/wp-content\/uploads\/2024\/11\/Allampolgari-ismeretek-8-evfoylam-36-ora.pdf\">\u00c1llampolgari-ismeretek<\/a><\/p>\n<p><a href=\"\/wp-content\/uploads\/2024\/11\/angol-nyelv-4-8.pdf\">Angol nyelv 4-8.<\/a><\/p>\n<p><a href=\"\/wp-content\/uploads\/2024\/11\/Biologia-7.-8.o.WORD_.pdf\">Biol\u00f3gia 7.-8.o.<\/a><\/p>\n<p><a href=\"\/wp-content\/uploads\/2024\/11\/Digitalis_kultura.pdf\">Digit\u00e1lis kultura<\/a><\/p>\n<p><a href=\"\/wp-content\/uploads\/2024\/11\/Drama_es_szinhaz.pdf\">Dr\u00e1ma \u00e9s szinh\u00e1z<\/a><\/p>\n<p><a href=\"\/wp-content\/uploads\/2024\/11\/Enek-tanmenet-2020-tol.pdf\">\u00c9nek<\/a><\/p>\n<p><a href=\"\/wp-content\/uploads\/2024\/11\/Helyi-tanterv-ENEK-8.-osztaly.pdf\">\u00c9nek 8. oszt\u00e1ly<\/a><\/p>\n<p><a href=\"\/wp-content\/uploads\/2024\/11\/Etika-helyi-tanterv-Szabone-M-Maria-tanarno-munkajaMasik-suli.pdf\">Etika<\/a><\/p>\n<p><a href=\"\/wp-content\/uploads\/2024\/11\/Helyi-tanterv_Etika_1-4.evfolyam_Kovacs-MariaMasik-suli.pdf\">Etika 1-4.\u00e9vfolyam<\/a><\/p>\n<p><a href=\"\/wp-content\/uploads\/2024\/11\/Fizika-7-8-helyi-kerettanterv-Masik-suli.pdf\">Fizika 7-8 <\/a><\/p>\n<p><a href=\"\/wp-content\/uploads\/2024\/11\/Foldrajz_7_8_helyi_2020.pdf\">F\u00f6ldrajz 7-8<\/a><\/p>\n<p><a href=\"\/wp-content\/uploads\/2024\/11\/Hon-es-nepismeret-5-osztaly-36-ora.pdf\">Hon \u00e9s n\u00e9pismeret 5 osztaly<\/a><\/p>\n<p><a href=\"\/wp-content\/uploads\/2024\/11\/Kemia-helyi-tanterv.pdf\">K\u00e9mia<\/a><\/p>\n<p><a href=\"\/wp-content\/uploads\/2024\/11\/Kornyezetismeret-helyi-tanterv-B-ne-HettiMasik-suli.pdf\">K\u00f6rnyezetismeret<\/a><\/p>\n<p><a href=\"\/wp-content\/uploads\/2024\/11\/Magyar_nyelv_es_irodalom_F-1.pdf\">Magyar nyelv \u00e9sirodalom<\/a><\/p>\n<p><a href=\"\/wp-content\/uploads\/2024\/11\/Helyi-tanterv-1-4.-heti-5-oras.pdf\">Matematika 1-4.<\/a><\/p>\n<p><a href=\"\/wp-content\/uploads\/2024\/11\/matemat-5-6-helyi-tanterv-2020.pdf\">Matematika 5-6<\/a><\/p>\n<p><a href=\"\/wp-content\/uploads\/2024\/11\/Osztalyfonoki-helyi-tanterv.pdf\">Oszt\u00e1lyf\u0151n\u00f6ki<\/a><\/p>\n<p><a href=\"\/wp-content\/uploads\/2024\/11\/sni-Magyar-1-2.pdf\">SNI Magyar nyelv \u00e9s irodalom 1-2<\/a><\/p>\n<p><a href=\"\/wp-content\/uploads\/2024\/11\/Helyi-tanterv_Technika-es-tervezes_1-4.evfolyam_Kovacs-Maria-Masik-suli.pdf\">Technika \u00e9s tervez\u00e9s 1-4.\u00e9vfolyam<\/a><\/p>\n<p><a href=\"\/wp-content\/uploads\/2024\/11\/Termeszettudomany_5_6-1.pdf\">Termeszettudom\u00e1ny 5-6. oszt\u00e1ly<\/a><\/p>\n<p><a href=\"\/wp-content\/uploads\/2024\/11\/Testneveles-helyi-tanterv-also-2020masik-suli.pdf\">Testneveles als\u00f3<\/a><\/p>\n<p><a href=\"\/wp-content\/uploads\/2024\/11\/tortenelem-helyi-tanterv-5-8.pdf\">T\u00f6rt\u00e9nelem 5-8.<\/a><\/p>\n<p><a href=\"\/wp-content\/uploads\/2024\/11\/Vizualis-kultura-1-4.-evfolyam-Helyi-tanterv-2020Masik-suli.pdf\">Vizu\u00e1lis kult\u00fara 1-4.<\/a><\/p>\n<p><a href=\"\/wp-content\/uploads\/2024\/12\/HELYI-TANTERV-KIEG.-etika.pdf\">Etika 5-8.<\/a>\u00a0<\/p>\n<p><a href=\"\/wp-content\/uploads\/2024\/12\/Helyi-tanterv-Magyar-nyelv-es-irodalom-also-2020.pdf\">Magyar nyelv \u00e9s irodalom also<\/a><\/p>\n<p><a href=\"\/wp-content\/uploads\/2024\/12\/Helyi-tanterv-testneveles-5-6-7-8.pdf\">Testneveles-5-8<\/a><\/p>\n<p><a href=\"\/wp-content\/uploads\/2024\/12\/Technika-es-tervezes-tanterv-felso.pdf\">Technika fels\u0151 tagozat<\/a><\/p>\n<p><a href=\"\/wp-content\/uploads\/2024\/12\/vizkult-1-8-felso.pdf\">Vizu\u00e1lis kult\u00fara 5-8<\/a><\/p>\n<p>\u00a0<\/p>\n\n\n","protected":false},"excerpt":{"rendered":"<p>\u00a0 \u00c1llampolgari-ismeretek Angol nyelv 4-8. Biol\u00f3gia 7.-8.o. Digit\u00e1lis kultura Dr\u00e1ma \u00e9s szinh\u00e1z \u00c9nek \u00c9nek 8. oszt\u00e1ly Etika Etika 1-4.\u00e9vfolyam Fizika 7-8 F\u00f6ldrajz 7-8 Hon \u00e9s n\u00e9pismeret 5 osztaly K\u00e9mia K\u00f6rnyezetismeret Magyar nyelv \u00e9sirodalom Matematika 1-4. Matematika 5-6 Oszt\u00e1lyf\u0151n\u00f6ki SNI Magyar nyelv \u00e9s irodalom 1-2 Technika \u00e9s tervez\u00e9s 1-4.\u00e9vfolyam Termeszettudom\u00e1ny 5-6. [&hellip;]<\/p>\n","protected":false},"author":1,"featured_media":0,"parent":0,"menu_order":0,"comment_status":"closed","ping_status":"closed","template":"","meta":{"footnotes":""},"class_list":["post-4996","page","type-page","status-publish","hentry"],"_links":{"self":[{"href":"\/index.php?rest_route=\/wp\/v2\/pages\/4996","targetHints":{"allow":["GET"]}}],"collection":[{"href":"\/index.php?rest_route=\/wp\/v2\/pages"}],"about":[{"href":"\/index.php?rest_route=\/wp\/v2\/types\/page"}],"author":[{"embeddable":true,"href":"\/index.php?rest_route=\/wp\/v2\/users\/1"}],"replies":[{"embeddable":true,"href":"\/index.php?rest_route=%2Fwp%2Fv2%2Fcomments&post=4996"}],"version-history":[{"count":12,"href":"\/index.php?rest_route=\/wp\/v2\/pages\/4996\/revisions"}],"predecessor-version":[{"id":5058,"href":"\/index.php?rest_route=\/wp\/v2\/pages\/4996\/revisions\/5058"}],"wp:attachment":[{"href":"\/index.php?rest_route=%2Fwp%2Fv2%2Fmedia&parent=4996"}],"curies":[{"name":"wp","href":"https:\/\/api.w.org\/{rel}","templated":true}]}}