{"id":3538,"date":"2022-06-23T15:10:35","date_gmt":"2022-06-23T15:10:35","guid":{"rendered":"http:\/\/mindszentiskola.hu\/?page_id=3538"},"modified":"2022-09-26T13:40:11","modified_gmt":"2022-09-26T13:40:11","slug":"hatartalanul-palyazat-2022-majus","status":"publish","type":"page","link":"\/?page_id=3538","title":{"rendered":"Hat\u00e1rtalanul p\u00e1ly\u00e1zat 2022. m\u00e1jus HAT-20-01-1108"},"content":{"rendered":"<p><a href=\"\/wp-content\/uploads\/2022\/06\/Besz\u00e1mol\u00f3-sajt\u00f3ba2.pdf\">Besz\u00e1mol\u00f3 <\/a><\/p>\n<div style=\"width: 750px;\" class=\"wp-video\"><video class=\"wp-video-shortcode\" id=\"video-3538-1\" width=\"750\" height=\"422\" poster=\"\/wp-content\/uploads\/2022\/06\/2022-Erd\u00e9ly-2701.jpg\" preload=\"auto\" controls=\"controls\"><source type=\"video\/mp4\" src=\"\/wp-content\/uploads\/2022\/06\/HAT-20-01-1108.mp4?_=1\" \/><a href=\"\/wp-content\/uploads\/2022\/06\/HAT-20-01-1108.mp4\">\/wp-content\/uploads\/2022\/06\/HAT-20-01-1108.mp4<\/a><\/video><\/div>\n<p><strong>Besz\u00e1mol\u00f3<\/strong><\/p>\n<p style=\"text-align: justify;\">\u201eManaps\u00e1g m\u00e1r nemigen van olyan ember, akit r\u00e9gi szok\u00e1s szerint v\u00e1ndornak lehetne nevezni. De ha m\u00e9gis volna, mutat\u00f3ba egy legal\u00e1bb, v\u00e1ndor\u00fatj\u00e1b\u00f3l az az egy sem hagyn\u00e1 ki Erd\u00e9lyt bizonyosan.\u201d<\/p>\n<p style=\"text-align: justify;\">\/Tam\u00e1si \u00c1ron\/<\/p>\n<p style=\"text-align: justify;\">\u201eLegend\u00e1k nyom\u00e1ban Erd\u00e9lyben\u201d c\u00edmmel p\u00e1ly\u00e1zott a Mindszenti \u00c1ltal\u00e1nos Iskola \u00f6tnapos erd\u00e9lyi kir\u00e1ndul\u00e1sra. 2020-ban tudtuk meg a h\u00edrt nyert\u00fcnk a Hat\u00e1rtalanul! p\u00e1ly\u00e1zaton, de a j\u00e1rv\u00e1ny miatt sok minden bizonytalan volt. 2022. m\u00e1jus elej\u00e9n j\u00f6tt a h\u00edr: Mehet\u00fcnk! Mindenki izgatottan v\u00e1rta a m\u00e1jus 29-\u00e9t, az indul\u00e1s napj\u00e1t. 44 nyolcadikos (A, B, C oszt\u00e1lyokb\u00f3l), 2 hetedikes di\u00e1k, n\u00e9gy k\u00eds\u00e9r\u0151 nevel\u0151vel vett r\u00e9szt a tanulm\u00e1nyi \u00faton. J\u00fanius 2-\u00e1n, cs\u00fct\u00f6rt\u00f6k\u00f6n \u00e9jjel \u00e9rt\u00fcnk haza a tartalmas, \u00e9lm\u00e9nyekkel teli \u00fatr\u00f3l. Az eml\u00e9keket, tapasztalatokat fogalmaz\u00e1sokban \u00f6r\u00f6k\u00edtett\u00e9k meg a tanul\u00f3k. \u00cdr\u00e1saikb\u00f3l kider\u00fcl, az erd\u00e9lyi t\u00e1j var\u00e1zslatos sz\u00e9ps\u00e9ge, az ott \u00e9l\u0151 magyarok vend\u00e9gszeretete \u00e9s \u00f6nzetlens\u00e9ge, a kultur\u00e1lis \u00f6r\u00f6ks\u00e9gek megtekint\u00e9se m\u00e9ly nyomot hagyott benn\u00fck, lelk\u00fckbe fogadt\u00e1k, \u00e9let\u00fck szem\u00e9lyes, feledhetetlen \u00e9lm\u00e9ny\u00e9v\u00e9 v\u00e1lt.<\/p>\n<ol style=\"text-align: justify;\">\n<li><u> nap: V\u00e9gre felvirradt a nagy nap! <\/u><\/li>\n<\/ol>\n<p style=\"text-align: justify;\">Izgatottan v\u00e1rtuk a buszt a fi\u00fa iskola el\u0151tt. A hat\u00e1r \u00e1tl\u00e9p\u00e9se ut\u00e1n m\u00e1r indult is program:<\/p>\n<p style=\"text-align: justify;\">Nagyszalonta: R\u00f6vid s\u00e9ta a f\u0151t\u00e9ren, ahol a templom nem harangozik eg\u00e9sz \u00f3r\u00e1ban, hanem Kossuth indul\u00f3t j\u00e1tszik, koszor\u00faz\u00e1s a szoborn\u00e1l \u00e9s m\u00e1ris az idegenvezet\u0151t hallgatjuk a Csonkatoronyban, aki mindent tudott Arany J\u00e1nosr\u00f3l! A v\u00e9g\u00e9n a mi tud\u00e1sunkat is tesztelhett\u00fck interakt\u00edv feladatokkal. Majd \u00e1ts\u00e9t\u00e1ltunk a sz\u00fcl\u0151i h\u00e1zhoz, ahol a k\u00f6lt\u0151 korabeli t\u00e1rgyakkal berendez\u00e9sekkel ismerkedt\u00fcnk meg. L\u00e1ttuk Arany iskola uzsonnat\u00e1sk\u00e1j\u00e1t is&#8230;<\/p>\n<p style=\"text-align: justify;\">Nagyv\u00e1rad: Szent L\u00e1szl\u00f3 Sz\u00e9kesegyh\u00e1z. Itt szerett\u00fck volna megn\u00e9zni az egyh\u00e1zm\u0171v\u00e9szeti ki\u00e1ll\u00edt\u00e1s, a d\u00edszes Szent L\u00e1szl\u00f3 herm\u00e1t is. DE egy szent mis\u00e9be cs\u00f6ppent\u00fcnk. \u00cdgy csak \u00e1mulva n\u00e9zt\u00fck a monument\u00e1lis templomot, a nagyon d\u00edszes fresk\u00f3kat \u00e9s hallgattuk az \u00e9neket.<\/p>\n<p style=\"text-align: justify;\">Tov\u00e1bb buszozva el\u00e9rt\u00fck Erd\u00e9ly term\u00e9szetes hat\u00e1r\u00e1t Kir\u00e1lyh\u00e1g\u00f3t.<\/p>\n<p style=\"text-align: justify;\">B\u00e1nffyhunyadra \u00e9rve \u00fajra templom: a kalotaszegi sz\u0151ttesekkel \u00e9s a konfirm\u00e1ci\u00f3ra vir\u00e1gokkal feld\u00edsz\u00edtett fakazett\u00e1s mennyezet\u0171 templomot csod\u00e1ltuk meg. Sz\u00e1momra \u00e9rdekes volt, hogy a f\u00e9rfiak \u00e9s a n\u0151k itt k\u00fcl\u00f6n \u00fclnek, mindenkinek van saj\u00e1t \u00e9nekes-mise k\u00f6nyve, gy\u00f6ny\u00f6r\u0171en d\u00edsz\u00edtett varrottas bor\u00edt\u00f3val.<\/p>\n<p style=\"text-align: justify;\">Kolozsv\u00e1ron els\u00e9t\u00e1ltunk a M\u00e1ty\u00e1s kir\u00e1ly sz\u00fcl\u0151h\u00e1z\u00e1hoz. A fel\u00faj\u00edt\u00e1s miatt a gy\u00f6ny\u00f6r\u0171 g\u00f3tikus st\u00edlusban \u00e9p\u00fclt Szent Mih\u00e1ly templomot csak k\u00edv\u00fclr\u0151l l\u00e1thattuk. Megcsod\u00e1ltuk a monument\u00e1lis M\u00e1ty\u00e1s kir\u00e1ly szoborcsoportot is.<\/p>\n<p style=\"text-align: justify;\">V\u00e9gre meg\u00e9rkezt\u00fcnk a sz\u00e1ll\u00e1shelyre: Torock\u00f3ra, ahol finom vacsor\u00e1val v\u00e1rtak benn\u00fcnket sz\u00e1ll\u00e1sad\u00f3ink.<\/p>\n<ol style=\"text-align: justify;\" start=\"2\">\n<li><u> nap: Term\u00e9szeti \u00e9rt\u00e9kek<\/u><\/li>\n<\/ol>\n<p style=\"text-align: justify;\">Reggeli ut\u00e1n elvitt\u00fck az adom\u00e1nyainkat a Kiss Szent Ter\u00e9z Gyermekv\u00e9delmi k\u00f6zpontba, ahol a vezet\u0151 feles\u00e9ge fogadott benn\u00fcnket. Szeretettel, \u00e9s sz\u00e1munka \u00e9rdekes, jellegzetes t\u00e1jsz\u00f3l\u00e1ssal mes\u00e9lt az itt \u00e9l\u0151 gyerekek \u00e9let\u00e9r\u0151l, minden napjaikr\u00f3l. P\u00e9ld\u00e1ul megtudtuk, hogy nincs saj\u00e1t telefonjuk, nem n\u00e9znek t\u00e9v\u00e9t, nem ihatnak k\u00f3l\u00e1t \u00e9s energiaitalt, nem esznek csipszet. Helyette eg\u00e9szs\u00e9ges \u00e9teleket esznek, amihez az alapanyagot a saj\u00e1t kiskertj\u00fckben termelik meg. Be vannak osztva h\u00e1zi munk\u00e1ra. Mindenkinek van feladata: konyhai seg\u00edt\u00e9s, mosogat\u00e1s, sepreget\u00e9s, \u00e1llatok gondoz\u00e1sa\u2026. Iskol\u00e1b\u00f3l haza\u00e9rkez\u00e9s ut\u00e1n csendes pihen\u0151 van, majd tanul\u00e1s. H\u00e1rom \u00f3ra!!! Ha a tanulm\u00e1nyi \u00e1tlaguk 7 vagy ann\u00e1l t\u00f6bb \u00e9s eg\u00e9sz h\u00e9ten rendesen v\u00e9gzik a munk\u00e1jukat, akkor kapnak h\u00e9tv\u00e9g\u00e9re telefont. Mi sz\u00f6rny\u00fclk\u00f6dve, tan\u00e1raink irigykedve hallgatt\u00e1k!<\/p>\n<p style=\"text-align: justify;\">Szent L\u00e1szl\u00f3 kir\u00e1ly legend\u00e1it k\u00f6vetve a Tordai hasad\u00e9k term\u00e9szeti templom\u00e1ba \u00e9rkezt\u00fcnk. A csobog\u00f3 patak, az ing\u00f3 hidak, sz\u00e9d\u00edt\u0151en magas hegycs\u00facsok mindenkit leny\u0171g\u00f6ztek. Az es\u0151s nap ut\u00e1n, a cs\u00fasz\u00f3s szikl\u00e1kon ki b\u00e1tran az \u00e9lre t\u00f6rve, ki remeg\u0151 l\u00e1bakkal, de v\u00e9gig haladt az \u00faton. Aki azt hitte v\u00e9ge, t\u00e9vedett: innen vissza is kell menni! Eb\u00e9d\u00fcnket elfogyasztva visszafel\u00e9 is megtett\u00fck az utat.<\/p>\n<p style=\"text-align: justify;\">K\u00f6vetkezett a tordai s\u00f3b\u00e1nya. \u201eMilli\u00f3\u201d l\u00e9pcs\u0151 megm\u00e1sz\u00e1sa ut\u00e1n a s\u00f3b\u00e1nya hatalmas t\u00e1rn\u00e1iban a b\u00e1ny\u00e1szat technik\u00e1j\u00e1val \u00e9s eszk\u00f6zeivel ismerkedt\u00fcnk meg. Term\u00e9szetesen nem hagytuk ki a s\u00f3 megnyalint\u00e1s\u00e1t sem.<\/p>\n<p style=\"text-align: justify;\">A gal\u00e9ri\u00e1r\u00f3l sz\u00e9d\u00edt\u0151 m\u00e9lys\u00e9get l\u00e1ttunk. Majd lentr\u0151l az \u00f3ri\u00e1sker\u00e9k emelt \u00fajra a t\u00e1rna teteje fel\u00e9, hogy m\u00e1s szemsz\u00f6gb\u0151l is megn\u00e9zz\u00fck, mik\u00f6zben l\u00e9gutaink tisztultak.<\/p>\n<p style=\"text-align: justify;\">Hosszabb buszoz\u00e1s ut\u00e1n meg\u00e9rkezt\u00fcnk Sz\u00e9kelyf\u00f6ldre.\u00a0 R\u00f6vid pillant\u00e1s Szov\u00e1t\u00e1n a Medve-t\u00f3ra. Sajnos f\u00fcrdeni nem letett\u2026. Majd ir\u00e1ny Farkaslaka. Az \u00c1bel b\u00f6lcs\u0151je panzi\u00f3ban kir\u00e1lyi sz\u00e1ll\u00e1sunk volt, a finom vacsor\u00e1kr\u00f3l ne is besz\u00e9lj\u00fcnk, mert \u00e9hes leszek, ha r\u00e1gondolok!<\/p>\n<ol style=\"text-align: justify;\" start=\"3\">\n<li><u> nap: Legend\u00e1k vezetnek utunkon<\/u><\/li>\n<\/ol>\n<p style=\"text-align: justify;\">Els\u0151 \u00fatic\u00e9l: B\u00e9k\u00e1s-szoros. V\u00e9gig s\u00e9t\u00e1ltunk a hatalmas \u00e9s f\u00e9lelmetes sziklafalak k\u00f6z\u00f6tt a zubogva rohan\u00f3 patak ment\u00e9n. Majd az innen p\u00e1r kilom\u00e9terre l\u00e9v\u0151 Gyilkos-t\u00f3 l\u00e1tv\u00e1nya ny\u0171g\u00f6z\u00f6tt le mindenkit! Term\u00e9szetesen a finom k\u00fcrt\u0151skal\u00e1csot sem hagyhattuk ki. Feny\u0151kkel \u00f6vezett gyomormozgat\u00f3 szerpentinen haladtunk tov\u00e1bb a gyergy\u00f3teker\u0151pataki S\u00fag\u00f3-barlanghoz. Egy nagyon meredek kapaszkod\u00f3 gyalogl\u00e1s ut\u00e1n l\u00e1mp\u00e1kat kaptunk \u00e9s bement\u00fcnk a kivil\u00e1g\u00edtatlan cseppk\u0151barlangba. Cs\u00faszk\u00e1ltunk a vizes k\u00f6veken, de l\u00e1mp\u00e1ink f\u00e9ny\u00e9ben el\u0151t\u0171n\u0151 cseppk\u00f6vek gy\u00f6ny\u00f6r\u0171ek voltak. N\u00e9h\u00e1nyan m\u00e9g azt is kipr\u00f3b\u00e1lt\u00e1k milyen a vaks\u00f6t\u00e9t. Vaks\u00f6t\u00e9t \u00e9s f\u00e9lelmetes.<\/p>\n<p style=\"text-align: justify;\">Zetelek\u00e1n megn\u00e9zt\u00fck a v\u00edzt\u00e1roz\u00f3t, ahol megismert\u00fck a K\u00fck\u00fcll\u0151 v\u00edzszab\u00e1lyoz\u00e1s\u00e1ban bet\u00f6lt\u00f6tt szerep\u00e9t, valamint meghallgattuk a Zeta v\u00e1r\u00e1r\u00f3l sz\u00f3l\u00f3 mond\u00e1t.<\/p>\n<p style=\"text-align: justify;\">Napunk utols\u00f3 \u00e1llom\u00e1sa Szejkef\u00fcrd\u0151, ahol \u00e1thaladtunk egy r\u00e9gi, de gy\u00f6ny\u00f6r\u0171en faragott sz\u00e9kelykapusor alatt, amelyb\u0151l a legr\u00e9gebbi 1818-as volt. Az utols\u00f3 pedig lengyelfalvi Orb\u00e1n Bal\u00e1zs\u00e9 aki \u00edr\u00f3, n\u00e9prajzi gy\u0171jt\u0151, fotogr\u00e1fus volt. s\u00edreml\u00e9k\u00e9re koszor\u00fat helyezt\u00fcnk.<\/p>\n<p style=\"text-align: justify;\">Este v\u00e9gre baz\u00e1roztunk a sz\u00e1ll\u00e1ssal szemben. Siker\u00fclt minden aj\u00e1nd\u00e9kot megszerezni. Sajnos azonban a tan\u00e1rok lefegyvereztek benn\u00fcnket.<\/p>\n<ol style=\"text-align: justify;\" start=\"4\">\n<li><u> nap: Megh\u00e1tr\u00e1l\u00e1s, \u00fajratervez\u00e9s, elenged\u00e9s \u00e9s a meglepet\u00e9sek napja.<\/u><\/li>\n<\/ol>\n<p style=\"text-align: justify;\">Mi\u00e9rt? Elmondjuk:<\/p>\n<p style=\"text-align: justify;\">Els\u0151 utic\u00e9l kil\u00e1t\u00f3. Helyette Bog\u00e1rfalv\u00e1n a sz\u0171k utc\u00e1ban beszorult a busz. Fordul\u00e1s vissza! \u00daj c\u00e9l.<\/p>\n<p style=\"text-align: justify;\">Sz\u00e9kelyudvarhely f\u0151ter\u00e9n megn\u00e9zt\u00fck a Szoborparkot, megeml\u00e9kezt\u00fcnk t\u00f6rt\u00e9nelmi \u00e9s irodalmi nagyjainkr\u00f3l. Meghallgattuk Csaba kir\u00e1lyfi legend\u00e1j\u00e1t el\u00e9nekelt\u00fck a Sz\u00e9kely himnuszt.<\/p>\n<p style=\"text-align: justify;\">Ir\u00e1ny a sz\u00e9kelyek szent hegye a Madarasi Hargita. A cs\u00facs el\u0151tt egy szomor\u00fa smile\u00a0 + a busz nem tud felvinni a utols\u00f3 9 km-es szakaszon! Szervez\u00e9s. Traktorral megy\u00fcnk fel, de csak d\u00e9lut\u00e1n. Semmi gond, Edit n\u00e9ni nem hagy pihen\u0151t. Ir\u00e1ny a Sz\u00e9kelyvars\u00e1g, ahol a Csorg\u00f3-k\u0151i v\u00edzes\u00e9shez gyalogolunk. 3 km. De milyen 3 km? Sz\u00e9kelyhossz\u00fa!!!! Nek\u00fcnk rengeteg. A v\u00edzes\u00e9s csod\u00e1s, nem lehet vele betelni!<\/p>\n<p style=\"text-align: justify;\">Majd vissza a Madarasra, ahol az unalmasan elt\u00f6lt\u00f6tt egy \u00f3ra ut\u00e1n sem j\u00f6n a traktor\u2026. Mi lesz? Rem\u00e9lt\u00fck, hogy pihen\u00e9s tov\u00e1bb, de helyette a J\u00e9zus sz\u00edve kil\u00e1t\u00f3 v\u00e1rt r\u00e1nk. Utunk kalandosan folytat\u00f3dott. Edit n\u00e9ni nagy-nagy \u00f6r\u00f6m\u00e9re j\u00f3 p\u00e1ran \u201en\u00e9gyker\u00e9k\u201d meghajt\u00e1ssal, m\u00e1sok nadr\u00e1gf\u00e9kkel \u00e9s csukl\u00f3t\u00e1masszal k\u00f6zlekedtek a hegyen. De fel\u00e9rt\u00fcnk ebbe a f\u00e9m monstrumba! A kil\u00e1t\u00e1s pazar.<\/p>\n<p style=\"text-align: justify;\">A nap v\u00e9g\u00e9n a kemenc\u00e9ben s\u00fclt isteni vacsora ut\u00e1n \u00e1ts\u00e9t\u00e1ltunk Tam\u00e1si \u00c1ron s\u00edrj\u00e1hoz, ahol egy helyi \u00f3v\u00f3 n\u00e9ni tartott el\u0151ad\u00e1st nagy \u00edr\u00f3nkr\u00f3l.<\/p>\n<ol style=\"text-align: justify;\" start=\"5\">\n<li><u> nap: Nagyutaz\u00e1s (689 km) haza!<\/u><\/li>\n<\/ol>\n<p style=\"text-align: justify;\">Ma kicsit szomor\u00faan \u00e9bredt\u00fcnk, hiszen elj\u00f6tt a kir\u00e1ndul\u00e1s v\u00e9ge. Miut\u00e1n mindent bepakoltunk \u00e9s elfogyasztottuk a b\u0151s\u00e9ges finom reggelinket elindultunk hazafel\u00e9.<\/p>\n<p style=\"text-align: justify;\">Korondon meg\u00e1lltunk s\u00f3t venni. Kider\u00fclt, hogy ez egy parajdi s\u00f3 feldolgoz\u00f3 \u00fczem. Megtudtuk a kedves b\u00e1csit\u00f3l, hogy miut\u00e1n a teheraut\u00f3 \u201elebaszkur\u00e1lja\u201d a s\u00f3 t\u00f6mb\u00f6ket az udvarra, v\u00e1logatj\u00e1k, feldarabolj\u00e1k \u00e9s nagyon sok mindent k\u00e9sz\u00edtenek bel\u0151le: \u00e9tkez\u00e9si s\u00f3 \u0151rlem\u00e9nyt, illatos\u00edtott f\u00fcrd\u0151s\u00f3kat, inhal\u00e1l\u00f3kat, s\u00f3 l\u00e1mp\u00e1t stb. Mindenki kapott nyal\u00f3ka s\u00f3t is! S\u0151t a b\u00e1trak tan\u00e1ri enged\u00e9llyel sz\u00edvhatt\u00e1k a feh\u00e9r port is!<\/p>\n<p style=\"text-align: justify;\">Feh\u00e9regyh\u00e1z\u00e1ra \u00e9rt\u00fcnk, ahol utolj\u00e1ra l\u00e1tt\u00e1k \u00e9lve nagy k\u00f6lt\u0151nket Pet\u0151fi S\u00e1ndort. Meghat\u00f3dva koszor\u00faztuk meg az eml\u00e9km\u0171v\u00e9t \u00e9s k\u00f6zben tanult verseib\u0151l id\u00e9zt\u00fcnk. A magyart tan\u00edt\u00f3 tan\u00e1raink biztosan \u00f6r\u00fcltek volna, ha hallj\u00e1k mennyi k\u00f6ltem\u00e9ny az esz\u00fcnkbe jutott! A m\u00fazeumban megn\u00e9zt\u00fck a segesv\u00e1ri csata makettj\u00e9t is.<\/p>\n<p style=\"text-align: justify;\">Vajdahunyad v\u00e1r\u00e1ban \u00e1lm\u00e9lkodva j\u00e1rtuk be az oszlopos termeket \u00e9s beleborzongtunk, hogy Hunyadi M\u00e1ty\u00e1s nagy kir\u00e1lyunk is ezeket a falakat l\u00e1thatta.<\/p>\n<p style=\"text-align: justify;\">D\u00e9va v\u00e1r\u00e1t csak messzir\u0151l csod\u00e1ltuk meg, mert fel\u00faj\u00edt\u00e1s miatt z\u00e1rva volt.<\/p>\n<p style=\"text-align: justify;\">Utols\u00f3 \u00e1llom\u00e1s: Arad A r\u00e9gi v\u00e1r kiv\u00e9gz\u0151hely\u00e9n \u00e1ll\u00f3 eml\u00e9km\u0171 el\u0151tt meghallgattuk Tibi gy\u00f6ny\u00f6r\u0171 vers\u00e9t az aradi 13-r\u00f3l. Koszor\u00faztunk \u00e9s szomor\u00faan vett\u00fck tudom\u00e1sul, hogy v\u00e9get \u00e9rt ez a f\u00e1raszt\u00f3, de csod\u00e1latos \u00f6t nap.<\/p>\n<p style=\"text-align: justify;\">Rem\u00e9lj\u00fck a besz\u00e1mol\u00f3nkb\u00f3l is kit\u0171nik, milyen tartalmas \u00e9s csodasz\u00e9p kir\u00e1ndul\u00e1sunk volt. Mi j\u00f3l \u00e9rezt\u00fck magunkat \u00e9s k\u00edv\u00e1njuk, hogy a mostani hatodikosok is r\u00e9szesei legyenek egy ilyen \u00e9lm\u00e9nynek. K\u00f6sz\u00f6nj\u00fck, hogy meghallgattatok benn\u00fcnket.<\/p>\n<p style=\"text-align: justify;\">Megval\u00f3sult Magyarorsz\u00e1g Korm\u00e1ny\u00e1nak t\u00e1mogat\u00e1s\u00e1val.<\/p>\n","protected":false},"excerpt":{"rendered":"<p>Besz\u00e1mol\u00f3 Besz\u00e1mol\u00f3 \u201eManaps\u00e1g m\u00e1r nemigen van olyan ember, akit r\u00e9gi szok\u00e1s szerint v\u00e1ndornak lehetne nevezni. De ha m\u00e9gis volna, mutat\u00f3ba egy legal\u00e1bb, v\u00e1ndor\u00fatj\u00e1b\u00f3l az az egy sem hagyn\u00e1 ki Erd\u00e9lyt bizonyosan.\u201d \/Tam\u00e1si \u00c1ron\/ \u201eLegend\u00e1k nyom\u00e1ban Erd\u00e9lyben\u201d c\u00edmmel p\u00e1ly\u00e1zott a Mindszenti \u00c1ltal\u00e1nos Iskola \u00f6tnapos erd\u00e9lyi kir\u00e1ndul\u00e1sra. 2020-ban tudtuk meg a h\u00edrt [&hellip;]<\/p>\n","protected":false},"author":1,"featured_media":0,"parent":0,"menu_order":0,"comment_status":"closed","ping_status":"closed","template":"","meta":{"footnotes":""},"class_list":["post-3538","page","type-page","status-publish","hentry"],"_links":{"self":[{"href":"\/index.php?rest_route=\/wp\/v2\/pages\/3538","targetHints":{"allow":["GET"]}}],"collection":[{"href":"\/index.php?rest_route=\/wp\/v2\/pages"}],"about":[{"href":"\/index.php?rest_route=\/wp\/v2\/types\/page"}],"author":[{"embeddable":true,"href":"\/index.php?rest_route=\/wp\/v2\/users\/1"}],"replies":[{"embeddable":true,"href":"\/index.php?rest_route=%2Fwp%2Fv2%2Fcomments&post=3538"}],"version-history":[{"count":5,"href":"\/index.php?rest_route=\/wp\/v2\/pages\/3538\/revisions"}],"predecessor-version":[{"id":3619,"href":"\/index.php?rest_route=\/wp\/v2\/pages\/3538\/revisions\/3619"}],"wp:attachment":[{"href":"\/index.php?rest_route=%2Fwp%2Fv2%2Fmedia&parent=3538"}],"curies":[{"name":"wp","href":"https:\/\/api.w.org\/{rel}","templated":true}]}}