{"id":30,"date":"2015-08-09T12:32:55","date_gmt":"2015-08-09T12:32:55","guid":{"rendered":"http:\/\/vu2447.admin.webhold.hu\/?page_id=30"},"modified":"2026-02-25T10:04:34","modified_gmt":"2026-02-25T10:04:34","slug":"fotoalbumok","status":"publish","type":"page","link":"\/?page_id=30","title":{"rendered":"El\u00e9rhet\u0151s\u00e9g"},"content":{"rendered":"<div>\n<div>\n<div>\n<div>\n<div>\n<div>\n<div>OM:029687<\/div>\n<div><b>K\u00f6zpont:<\/b><\/div>\n<p>Mindszenti \u00c1ltal\u00e1nos Iskola<\/p>\n<\/div>\n<p>6630 Mindszent, Szabads\u00e1g t\u00e9r 2-3.<\/p>\n<\/div>\n<div><u>Tel<\/u>.: titk\u00e1rs\u00e1g\/fax: 06-62\/850-047<\/div>\n<div>\u00a0\u00a0\u00a0\u00a0\u00a0\u00a0 igazgat\u00f3: 06-62\/850-048<\/div>\n<div><u>e-mail<\/u>: iskola@mindszentiskola.hu<\/div>\n<div><u>honlap<\/u>: <a href=\"http:\/\/www.mindszentiskola.hu\/\" target=\"_blank\" rel=\"noopener\">www.mindszentiskola.hu<\/a><\/div>\n<div><u>Igazgat\u00f3<\/u>: P\u00e1link\u00f3n\u00e9 Szedl\u00e1k Ren\u00e1ta<\/div>\n<div><\/div>\n<p><b>Tagint\u00e9zm\u00e9ny:<\/b><\/p>\n<\/div>\n<p>Mindszenti \u00c1ltal\u00e1nos Iskola D\u00f3zsa-telepi Tagint\u00e9zm\u00e9nye<\/p>\n<\/div>\n<p>6630 Mindszent, Iskola utca 72-76.<\/p>\n<\/div>\n<p><u>Tel<\/u>.:06-62\/225-041<\/p>\n<\/div>\n<div><u>e-mail<\/u>: iskola@dozsa.mindszentiskola.hu\u00a0<\/div>\n<div><u>honlap<\/u>: <a href=\"http:\/\/www.mindszentiskola.hu\/\" target=\"_blank\" rel=\"noopener\">www.mindszentiskola.hu<\/a><\/div>\n<p><u>Tagint\u00e9zm\u00e9ny-igazgat\u00f3<\/u>: Lupityka G\u00e1born\u00e9 Pelyva S\u00e1ra<\/p>\n\n","protected":false},"excerpt":{"rendered":"<p>OM:029687 K\u00f6zpont: Mindszenti \u00c1ltal\u00e1nos Iskola 6630 Mindszent, Szabads\u00e1g t\u00e9r 2-3. Tel.: titk\u00e1rs\u00e1g\/fax: 06-62\/850-047 \u00a0\u00a0\u00a0\u00a0\u00a0\u00a0 igazgat\u00f3: 06-62\/850-048 e-mail: iskola@mindszentiskola.hu honlap: www.mindszentiskola.hu Igazgat\u00f3: P\u00e1link\u00f3n\u00e9 Szedl\u00e1k Ren\u00e1ta Tagint\u00e9zm\u00e9ny: Mindszenti \u00c1ltal\u00e1nos Iskola D\u00f3zsa-telepi Tagint\u00e9zm\u00e9nye 6630 Mindszent, Iskola utca 72-76. Tel.:06-62\/225-041 e-mail: iskola@dozsa.mindszentiskola.hu\u00a0 honlap: www.mindszentiskola.hu Tagint\u00e9zm\u00e9ny-igazgat\u00f3: Lupityka G\u00e1born\u00e9 Pelyva S\u00e1ra<\/p>\n","protected":false},"author":1,"featured_media":0,"parent":0,"menu_order":0,"comment_status":"closed","ping_status":"closed","template":"","meta":{"footnotes":""},"class_list":["post-30","page","type-page","status-publish","hentry"],"_links":{"self":[{"href":"\/index.php?rest_route=\/wp\/v2\/pages\/30","targetHints":{"allow":["GET"]}}],"collection":[{"href":"\/index.php?rest_route=\/wp\/v2\/pages"}],"about":[{"href":"\/index.php?rest_route=\/wp\/v2\/types\/page"}],"author":[{"embeddable":true,"href":"\/index.php?rest_route=\/wp\/v2\/users\/1"}],"replies":[{"embeddable":true,"href":"\/index.php?rest_route=%2Fwp%2Fv2%2Fcomments&post=30"}],"version-history":[{"count":11,"href":"\/index.php?rest_route=\/wp\/v2\/pages\/30\/revisions"}],"predecessor-version":[{"id":6684,"href":"\/index.php?rest_route=\/wp\/v2\/pages\/30\/revisions\/6684"}],"wp:attachment":[{"href":"\/index.php?rest_route=%2Fwp%2Fv2%2Fmedia&parent=30"}],"curies":[{"name":"wp","href":"https:\/\/api.w.org\/{rel}","templated":true}]}}