{"id":2709,"date":"2018-10-08T18:04:35","date_gmt":"2018-10-08T18:04:35","guid":{"rendered":"http:\/\/mindszentiskola.hu\/?page_id=2709"},"modified":"2018-10-08T18:04:35","modified_gmt":"2018-10-08T18:04:35","slug":"kilometerfalok-dong-er","status":"publish","type":"page","link":"\/?page_id=2709","title":{"rendered":"Kilom\u00e9terfal\u00f3k Dong-\u00e9r"},"content":{"rendered":"<p style=\"text-align: justify;\">A ker\u00e9kp\u00e1rozni v\u00e1gy\u00f3 di\u00e1kok szeptemberben k\u00e9t lehet\u0151s\u00e9get kaptak a t\u00far\u00e1z\u00e1sra.<br \/>\n32 km-t tudhatnak maguk m\u00f6g\u00f6tt, akik H\u00f3dmez\u0151v\u00e1s\u00e1rhelyre ker\u00e9kp\u00e1roztak a tan\u00e9v els\u0151 cs\u00fct\u00f6rt\u00f6kj\u00e9n. A t\u00fara nem csak a gyerekek \u00e1ll\u00f3k\u00e9pess\u00e9g\u00e9t fejlesztette, hanem egy kis eml\u00e9kez\u00e9sre is sarkallta \u0151ket. M\u00e1rt\u00e9ly- Mindszent k\u00f6z\u00f6tt megtekintett\u00e9k a Kubikus eml\u00e9km\u0171vet.<br \/>\nA m\u00e1sodik t\u00fara Bakson t\u00falra a Dong-\u00e9rhez vezetett, ahol k\u00f6zel 100 hatty\u00fat sz\u00e1molhattak meg \u00e9s gy\u00f6ny\u00f6rk\u00f6dhettek a madarak l\u00e1tv\u00e1ny\u00e1ban.<br \/>\nA Tisz<span class=\"text_exposed_show\">a t\u00faloldal\u00e1n foly\u00f3 \u00e1rv\u00edzv\u00e9delmi munk\u00e1kat is megfigyelhett\u00e9k, ugyanis a hazafel\u00e9 \u00fat \u201eelfogyott\u201d a g\u00e1ton. Nagy \u00e9lm\u00e9ny volt l\u00e1tni ezt a nagy beruh\u00e1z\u00e1st, ami a lakoss\u00e1g v\u00e9delm\u00e9t szolg\u00e1lja majd.<br \/>\nK\u00f6sz\u00f6net a komp \u00fczemeltet\u0151inek, akik ingyeness\u00e9 tett\u00e9k a harminc gyerek oda-vissza \u00fatj\u00e1t!<br \/>\nA ker\u00e9kp\u00e1rokat lehet szervizelni, tavasszal folytat\u00f3dik a kilom\u00e9terek gy\u0171jt\u00e9se. Jelenleg 52 km-n\u00e9l tartanak a lelkes csapat tagjai.<br \/>\nDe pihenni addig sem fogunk, hiszen indulnak a gyalogt\u00far\u00e1k!<br \/>\nAntaln\u00e9 Kardos Csilla<br \/>\nCsatl\u00f3sn\u00e9 R\u00e9p\u00e1s Etelka<br \/>\nSzunyin\u00e9 Marton Edit<\/span><\/p>\n\n\t\t<style type=\"text\/css\">\n\t\t\t#gallery-1 {\n\t\t\t\tmargin: auto;\n\t\t\t}\n\t\t\t#gallery-1 .gallery-item {\n\t\t\t\tfloat: left;\n\t\t\t\tmargin-top: 10px;\n\t\t\t\ttext-align: center;\n\t\t\t\twidth: 20%;\n\t\t\t}\n\t\t\t#gallery-1 img {\n\t\t\t\tborder: 2px solid #cfcfcf;\n\t\t\t}\n\t\t\t#gallery-1 .gallery-caption {\n\t\t\t\tmargin-left: 0;\n\t\t\t}\n\t\t\t\/* see gallery_shortcode() in wp-includes\/media.php *\/\n\t\t<\/style>\n\t\t<div id='gallery-1' class='gallery galleryid-2709 gallery-columns-5 gallery-size-thumbnail'><dl class='gallery-item'>\n\t\t\t<dt class='gallery-icon landscape'>\n\t\t\t\t<a href='\/?attachment_id=2710'><img loading=\"lazy\" decoding=\"async\" width=\"150\" height=\"150\" src=\"\/wp-content\/uploads\/2018\/10\/43342645_2090849974464980_175350505239740416_o-150x150.jpg\" class=\"attachment-thumbnail size-thumbnail\" alt=\"\" \/><\/a>\n\t\t\t<\/dt><\/dl><dl class='gallery-item'>\n\t\t\t<dt class='gallery-icon landscape'>\n\t\t\t\t<a href='\/?attachment_id=2711'><img loading=\"lazy\" decoding=\"async\" width=\"150\" height=\"150\" src=\"\/wp-content\/uploads\/2018\/10\/43360718_2090849404465037_8268730910103306240_o-150x150.jpg\" class=\"attachment-thumbnail size-thumbnail\" alt=\"\" \/><\/a>\n\t\t\t<\/dt><\/dl><dl class='gallery-item'>\n\t\t\t<dt class='gallery-icon landscape'>\n\t\t\t\t<a href='\/?attachment_id=2712'><img loading=\"lazy\" decoding=\"async\" width=\"150\" height=\"150\" src=\"\/wp-content\/uploads\/2018\/10\/43375097_2090848741131770_463138323666305024_o-150x150.jpg\" class=\"attachment-thumbnail size-thumbnail\" alt=\"\" \/><\/a>\n\t\t\t<\/dt><\/dl><dl class='gallery-item'>\n\t\t\t<dt class='gallery-icon portrait'>\n\t\t\t\t<a href='\/?attachment_id=2713'><img loading=\"lazy\" decoding=\"async\" width=\"150\" height=\"150\" src=\"\/wp-content\/uploads\/2018\/10\/43391926_2090848237798487_5795746001570496512_n-150x150.jpg\" class=\"attachment-thumbnail size-thumbnail\" alt=\"\" \/><\/a>\n\t\t\t<\/dt><\/dl><dl class='gallery-item'>\n\t\t\t<dt class='gallery-icon landscape'>\n\t\t\t\t<a href='\/?attachment_id=2714'><img loading=\"lazy\" decoding=\"async\" width=\"150\" height=\"150\" src=\"\/wp-content\/uploads\/2018\/10\/43398250_2090848121131832_2616314233557614592_o-150x150.jpg\" class=\"attachment-thumbnail size-thumbnail\" alt=\"\" \/><\/a>\n\t\t\t<\/dt><\/dl><br style=\"clear: both\" \/><dl class='gallery-item'>\n\t\t\t<dt class='gallery-icon landscape'>\n\t\t\t\t<a href='\/?attachment_id=2715'><img loading=\"lazy\" decoding=\"async\" width=\"150\" height=\"150\" src=\"\/wp-content\/uploads\/2018\/10\/43403613_2090849341131710_8238323417820954624_o-150x150.jpg\" class=\"attachment-thumbnail size-thumbnail\" alt=\"\" \/><\/a>\n\t\t\t<\/dt><\/dl><dl class='gallery-item'>\n\t\t\t<dt class='gallery-icon landscape'>\n\t\t\t\t<a href='\/?attachment_id=2716'><img loading=\"lazy\" decoding=\"async\" width=\"150\" height=\"150\" src=\"\/wp-content\/uploads\/2018\/10\/43419309_2090849611131683_2193860198056067072_o-150x150.jpg\" class=\"attachment-thumbnail size-thumbnail\" alt=\"\" \/><\/a>\n\t\t\t<\/dt><\/dl><dl class='gallery-item'>\n\t\t\t<dt class='gallery-icon landscape'>\n\t\t\t\t<a href='\/?attachment_id=2717'><img loading=\"lazy\" decoding=\"async\" width=\"150\" height=\"150\" src=\"\/wp-content\/uploads\/2018\/10\/43419344_2090849097798401_6123099110267420672_o-150x150.jpg\" class=\"attachment-thumbnail size-thumbnail\" alt=\"\" \/><\/a>\n\t\t\t<\/dt><\/dl><dl class='gallery-item'>\n\t\t\t<dt class='gallery-icon landscape'>\n\t\t\t\t<a href='\/?attachment_id=2718'><img loading=\"lazy\" decoding=\"async\" width=\"150\" height=\"150\" src=\"\/wp-content\/uploads\/2018\/10\/43422533_2090848914465086_8197657177108774912_o-150x150.jpg\" class=\"attachment-thumbnail size-thumbnail\" alt=\"\" \/><\/a>\n\t\t\t<\/dt><\/dl><dl class='gallery-item'>\n\t\t\t<dt class='gallery-icon landscape'>\n\t\t\t\t<a href='\/?attachment_id=2719'><img loading=\"lazy\" decoding=\"async\" width=\"150\" height=\"150\" src=\"\/wp-content\/uploads\/2018\/10\/43445405_2090849807798330_2265833348741988352_o-150x150.jpg\" class=\"attachment-thumbnail size-thumbnail\" alt=\"\" \/><\/a>\n\t\t\t<\/dt><\/dl><br style=\"clear: both\" \/><dl class='gallery-item'>\n\t\t\t<dt class='gallery-icon landscape'>\n\t\t\t\t<a href='\/?attachment_id=2720'><img loading=\"lazy\" decoding=\"async\" width=\"150\" height=\"150\" src=\"\/wp-content\/uploads\/2018\/10\/43467060_2090849881131656_4284121700418715648_o-150x150.jpg\" class=\"attachment-thumbnail size-thumbnail\" alt=\"\" \/><\/a>\n\t\t\t<\/dt><\/dl><dl class='gallery-item'>\n\t\t\t<dt class='gallery-icon landscape'>\n\t\t\t\t<a href='\/?attachment_id=2721'><img loading=\"lazy\" decoding=\"async\" width=\"150\" height=\"150\" src=\"\/wp-content\/uploads\/2018\/10\/43467125_2090849871131657_8175805117946134528_o-150x150.jpg\" class=\"attachment-thumbnail size-thumbnail\" alt=\"\" \/><\/a>\n\t\t\t<\/dt><\/dl><dl class='gallery-item'>\n\t\t\t<dt class='gallery-icon landscape'>\n\t\t\t\t<a href='\/?attachment_id=2722'><img loading=\"lazy\" decoding=\"async\" width=\"150\" height=\"150\" src=\"\/wp-content\/uploads\/2018\/10\/43473324_2090848324465145_1082419861256142848_o-150x150.jpg\" class=\"attachment-thumbnail size-thumbnail\" alt=\"\" \/><\/a>\n\t\t\t<\/dt><\/dl><dl class='gallery-item'>\n\t\t\t<dt class='gallery-icon landscape'>\n\t\t\t\t<a href='\/?attachment_id=2723'><img loading=\"lazy\" decoding=\"async\" width=\"150\" height=\"150\" src=\"\/wp-content\/uploads\/2018\/10\/43490651_2090848887798422_5890329264556867584_o-150x150.jpg\" class=\"attachment-thumbnail size-thumbnail\" alt=\"\" \/><\/a>\n\t\t\t<\/dt><\/dl><dl class='gallery-item'>\n\t\t\t<dt class='gallery-icon landscape'>\n\t\t\t\t<a href='\/?attachment_id=2724'><img loading=\"lazy\" decoding=\"async\" width=\"150\" height=\"150\" src=\"\/wp-content\/uploads\/2018\/10\/43490667_2090849427798368_611089651976896512_o-150x150.jpg\" class=\"attachment-thumbnail size-thumbnail\" alt=\"\" \/><\/a>\n\t\t\t<\/dt><\/dl><br style=\"clear: both\" \/><dl class='gallery-item'>\n\t\t\t<dt class='gallery-icon landscape'>\n\t\t\t\t<a href='\/?attachment_id=2725'><img loading=\"lazy\" decoding=\"async\" width=\"150\" height=\"150\" src=\"\/wp-content\/uploads\/2018\/10\/43527283_2090849594465018_70489007556919296_o-150x150.jpg\" class=\"attachment-thumbnail size-thumbnail\" alt=\"\" \/><\/a>\n\t\t\t<\/dt><\/dl><dl class='gallery-item'>\n\t\t\t<dt class='gallery-icon portrait'>\n\t\t\t\t<a href='\/?attachment_id=2726'><img loading=\"lazy\" decoding=\"async\" width=\"150\" height=\"150\" src=\"\/wp-content\/uploads\/2018\/10\/43527284_2090847991131845_4583576604231335936_n-150x150.jpg\" class=\"attachment-thumbnail size-thumbnail\" alt=\"\" \/><\/a>\n\t\t\t<\/dt><\/dl><dl class='gallery-item'>\n\t\t\t<dt class='gallery-icon landscape'>\n\t\t\t\t<a href='\/?attachment_id=2727'><img loading=\"lazy\" decoding=\"async\" width=\"150\" height=\"150\" src=\"\/wp-content\/uploads\/2018\/10\/43594417_2090849157798395_3114129371552546816_o-150x150.jpg\" class=\"attachment-thumbnail size-thumbnail\" alt=\"\" \/><\/a>\n\t\t\t<\/dt><\/dl>\n\t\t\t<br style='clear: both' \/>\n\t\t<\/div>\n\n","protected":false},"excerpt":{"rendered":"<p>A ker\u00e9kp\u00e1rozni v\u00e1gy\u00f3 di\u00e1kok szeptemberben k\u00e9t lehet\u0151s\u00e9get kaptak a t\u00far\u00e1z\u00e1sra. 32 km-t tudhatnak maguk m\u00f6g\u00f6tt, akik H\u00f3dmez\u0151v\u00e1s\u00e1rhelyre ker\u00e9kp\u00e1roztak a tan\u00e9v els\u0151 cs\u00fct\u00f6rt\u00f6kj\u00e9n. A t\u00fara nem csak a gyerekek \u00e1ll\u00f3k\u00e9pess\u00e9g\u00e9t fejlesztette, hanem egy kis eml\u00e9kez\u00e9sre is sarkallta \u0151ket. M\u00e1rt\u00e9ly- Mindszent k\u00f6z\u00f6tt megtekintett\u00e9k a Kubikus eml\u00e9km\u0171vet. A m\u00e1sodik t\u00fara Bakson t\u00falra a [&hellip;]<\/p>\n","protected":false},"author":1,"featured_media":0,"parent":0,"menu_order":0,"comment_status":"closed","ping_status":"closed","template":"","meta":{"footnotes":""},"class_list":["post-2709","page","type-page","status-publish","hentry"],"_links":{"self":[{"href":"\/index.php?rest_route=\/wp\/v2\/pages\/2709","targetHints":{"allow":["GET"]}}],"collection":[{"href":"\/index.php?rest_route=\/wp\/v2\/pages"}],"about":[{"href":"\/index.php?rest_route=\/wp\/v2\/types\/page"}],"author":[{"embeddable":true,"href":"\/index.php?rest_route=\/wp\/v2\/users\/1"}],"replies":[{"embeddable":true,"href":"\/index.php?rest_route=%2Fwp%2Fv2%2Fcomments&post=2709"}],"version-history":[{"count":1,"href":"\/index.php?rest_route=\/wp\/v2\/pages\/2709\/revisions"}],"predecessor-version":[{"id":2728,"href":"\/index.php?rest_route=\/wp\/v2\/pages\/2709\/revisions\/2728"}],"wp:attachment":[{"href":"\/index.php?rest_route=%2Fwp%2Fv2%2Fmedia&parent=2709"}],"curies":[{"name":"wp","href":"https:\/\/api.w.org\/{rel}","templated":true}]}}