{"id":1545,"date":"2016-08-31T11:41:13","date_gmt":"2016-08-31T11:41:13","guid":{"rendered":"http:\/\/vu2447.admin.webhold.hu\/?page_id=1545"},"modified":"2016-08-31T11:41:13","modified_gmt":"2016-08-31T11:41:13","slug":"kerelmek-letoltheto-nyomtatvanyok","status":"publish","type":"page","link":"\/?page_id=1545","title":{"rendered":"K\u00e9relmek, let\u00f6lthet\u0151 nyomtatv\u00e1nyok"},"content":{"rendered":"<p><a href=\"\/wp-content\/uploads\/2016\/08\/K\u00e9relem.pdf\">K\u00e9relem<\/a><\/p>\n","protected":false},"excerpt":{"rendered":"<p>K\u00e9relem<\/p>\n","protected":false},"author":1,"featured_media":0,"parent":0,"menu_order":0,"comment_status":"closed","ping_status":"closed","template":"","meta":{"footnotes":""},"class_list":["post-1545","page","type-page","status-publish","hentry"],"_links":{"self":[{"href":"\/index.php?rest_route=\/wp\/v2\/pages\/1545","targetHints":{"allow":["GET"]}}],"collection":[{"href":"\/index.php?rest_route=\/wp\/v2\/pages"}],"about":[{"href":"\/index.php?rest_route=\/wp\/v2\/types\/page"}],"author":[{"embeddable":true,"href":"\/index.php?rest_route=\/wp\/v2\/users\/1"}],"replies":[{"embeddable":true,"href":"\/index.php?rest_route=%2Fwp%2Fv2%2Fcomments&post=1545"}],"version-history":[{"count":1,"href":"\/index.php?rest_route=\/wp\/v2\/pages\/1545\/revisions"}],"predecessor-version":[{"id":1547,"href":"\/index.php?rest_route=\/wp\/v2\/pages\/1545\/revisions\/1547"}],"wp:attachment":[{"href":"\/index.php?rest_route=%2Fwp%2Fv2%2Fmedia&parent=1545"}],"curies":[{"name":"wp","href":"https:\/\/api.w.org\/{rel}","templated":true}]}}